{"id":2,"date":"2012-11-28T18:46:23","date_gmt":"2012-11-28T18:46:23","guid":{"rendered":"http:\/\/serintop.com\/?page_id=2"},"modified":"2013-03-04T12:07:04","modified_gmt":"2013-03-04T12:07:04","slug":"sample-page","status":"publish","type":"page","link":"https:\/\/www.serintop.com\/?page_id=2","title":{"rendered":"Objetivos"},"content":{"rendered":"<p>Nuestro objetivo primordial siempre ser\u00e1 tratar de dar soluci\u00f3n, con la mayor rapidez posible, a cualquier problema o necesidad que nuestros clientes tengan en el \u00e1mbito de la topograf\u00eda, mediante una atenci\u00f3n personalizada, siguiendo los est\u00e1ndares de \u00a0calidad y precisi\u00f3n que se necesite en cada trabajo concreto, usando para ello los medios t\u00e9cnicos e instrumentos m\u00e1s adecuados.<\/p>\n<p>De esta forma pretendemos ofrecer la confianza y seguridad necesarias en este tipo de trabajos, algo que creemos fundamental.<\/p>\n","protected":false},"excerpt":{"rendered":"<p>Nuestro objetivo primordial siempre ser\u00e1 tratar de dar soluci\u00f3n, con la mayor rapidez posible, a cualquier problema o necesidad que nuestros clientes tengan en el \u00e1mbito de la topograf\u00eda, mediante una atenci\u00f3n personalizada, siguiendo los est\u00e1ndares de \u00a0calidad y precisi\u00f3n &hellip; <a href=\"https:\/\/www.serintop.com\/?page_id=2\">Sigue leyendo <span class=\"meta-nav\">&rarr;<\/span><\/a><\/p>\n","protected":false},"author":1,"featured_media":0,"parent":0,"menu_order":1,"comment_status":"closed","ping_status":"closed","template":"","meta":[],"_links":{"self":[{"href":"https:\/\/www.serintop.com\/index.php?rest_route=\/wp\/v2\/pages\/2"}],"collection":[{"href":"https:\/\/www.serintop.com\/index.php?rest_route=\/wp\/v2\/pages"}],"about":[{"href":"https:\/\/www.serintop.com\/index.php?rest_route=\/wp\/v2\/types\/page"}],"author":[{"embeddable":true,"href":"https:\/\/www.serintop.com\/index.php?rest_route=\/wp\/v2\/users\/1"}],"replies":[{"embeddable":true,"href":"https:\/\/www.serintop.com\/index.php?rest_route=%2Fwp%2Fv2%2Fcomments&post=2"}],"version-history":[{"count":7,"href":"https:\/\/www.serintop.com\/index.php?rest_route=\/wp\/v2\/pages\/2\/revisions"}],"predecessor-version":[{"id":47,"href":"https:\/\/www.serintop.com\/index.php?rest_route=\/wp\/v2\/pages\/2\/revisions\/47"}],"wp:attachment":[{"href":"https:\/\/www.serintop.com\/index.php?rest_route=%2Fwp%2Fv2%2Fmedia&parent=2"}],"curies":[{"name":"wp","href":"https:\/\/api.w.org\/{rel}","templated":true}]}}