{"id":10,"date":"2013-02-05T16:13:10","date_gmt":"2013-02-05T16:13:10","guid":{"rendered":"http:\/\/www.serintop.com\/?page_id=10"},"modified":"2013-03-04T12:07:25","modified_gmt":"2013-03-04T12:07:25","slug":"servicios","status":"publish","type":"page","link":"https:\/\/www.serintop.com\/?page_id=10","title":{"rendered":"Servicios"},"content":{"rendered":"<p><b>TOPOGRAF\u00cdA GENERAL<\/b><\/p>\n<ul>\n<li>Levantamientos topogr\u00e1ficos por m\u00e9todos cl\u00e1sicos y GPS<\/li>\n<li>Elaboraci\u00f3n de Modelos Digitales del Terreno<\/li>\n<li>Medici\u00f3n de parcelas: elaboraci\u00f3n de parcelarios, segregaciones, particiones, deslindes.<\/li>\n<li>Informes para Catastro<\/li>\n<li>Informes Periciales Judiciales y de Parte<\/li>\n<li>Investigaci\u00f3n hist\u00f3rica de propiedades<\/li>\n<\/ul>\n<p><b>FOTOGRAMETR\u00cdA<\/b><\/p>\n<ul>\n<li>Apoyo fotogram\u00e9trico de campo<\/li>\n<li>Asesoramiento en elaboraci\u00f3n de vuelos y restituciones<\/li>\n<li>Revisiones cartogr\u00e1ficas de campo<\/li>\n<\/ul>\n<p><b>OBRA CIVIL Y EDIFICACI\u00d3N<\/b><\/p>\n<ul>\n<li>Asistencia t\u00e9cnica en redacci\u00f3n de proyectos<\/li>\n<li>Asistencia t\u00e9cnica y control geom\u00e9trico a pie de obra<\/li>\n<li>Encaje de proyectos<\/li>\n<li>Replanteos<\/li>\n<li>Elaboraci\u00f3n de perfiles<\/li>\n<li>C\u00e1lculos de vol\u00famenes de tierras y certificaciones mensuales<\/li>\n<\/ul>\n","protected":false},"excerpt":{"rendered":"<p>TOPOGRAF\u00cdA GENERAL Levantamientos topogr\u00e1ficos por m\u00e9todos cl\u00e1sicos y GPS Elaboraci\u00f3n de Modelos Digitales del Terreno Medici\u00f3n de parcelas: elaboraci\u00f3n de parcelarios, segregaciones, particiones, deslindes. Informes para Catastro Informes Periciales Judiciales y de Parte Investigaci\u00f3n hist\u00f3rica de propiedades FOTOGRAMETR\u00cdA Apoyo fotogram\u00e9trico &hellip; <a href=\"https:\/\/www.serintop.com\/?page_id=10\">Sigue leyendo <span class=\"meta-nav\">&rarr;<\/span><\/a><\/p>\n","protected":false},"author":1,"featured_media":0,"parent":0,"menu_order":2,"comment_status":"closed","ping_status":"closed","template":"","meta":[],"_links":{"self":[{"href":"https:\/\/www.serintop.com\/index.php?rest_route=\/wp\/v2\/pages\/10"}],"collection":[{"href":"https:\/\/www.serintop.com\/index.php?rest_route=\/wp\/v2\/pages"}],"about":[{"href":"https:\/\/www.serintop.com\/index.php?rest_route=\/wp\/v2\/types\/page"}],"author":[{"embeddable":true,"href":"https:\/\/www.serintop.com\/index.php?rest_route=\/wp\/v2\/users\/1"}],"replies":[{"embeddable":true,"href":"https:\/\/www.serintop.com\/index.php?rest_route=%2Fwp%2Fv2%2Fcomments&post=10"}],"version-history":[{"count":4,"href":"https:\/\/www.serintop.com\/index.php?rest_route=\/wp\/v2\/pages\/10\/revisions"}],"predecessor-version":[{"id":48,"href":"https:\/\/www.serintop.com\/index.php?rest_route=\/wp\/v2\/pages\/10\/revisions\/48"}],"wp:attachment":[{"href":"https:\/\/www.serintop.com\/index.php?rest_route=%2Fwp%2Fv2%2Fmedia&parent=10"}],"curies":[{"name":"wp","href":"https:\/\/api.w.org\/{rel}","templated":true}]}}